{"id":21,"date":"2023-02-11T12:32:57","date_gmt":"2023-02-11T12:32:57","guid":{"rendered":"https:\/\/amc-luenen.de\/?page_id=21"},"modified":"2024-07-02T08:56:56","modified_gmt":"2024-07-02T08:56:56","slug":"impressum","status":"publish","type":"page","link":"https:\/\/amc-luenen.de\/?page_id=21","title":{"rendered":"Impressum"},"content":{"rendered":"\n<p class=\"has-small-font-size\">Verantwortlicher im Sinne der rechtlichen Bestimmungen:<\/p>\n\n\n\n<p class=\"has-small-font-size\">Automobil- und Motorsportclub 1927 L\u00fcnen e. V. im ADAC<br>vertreten von dem 1. Vorsitzenden Gerd Flentje<\/p>\n\n\n\n<p class=\"has-small-font-size\">Postanschrift:<\/p>\n\n\n\n<p class=\"has-small-font-size\">Gerd Flentje<br>AMC 1927 L\u00fcnen im ADAC<br>Krimstra\u00dfe 7<br>44534 L\u00fcnen<br><\/p>\n\n\n\n<p class=\"has-small-font-size\">Registrierung:<br>Amtsgericht Dortmund<br>Vereinsregister-Nummer VR 20247<\/p>\n\n\n\n<p class=\"has-small-font-size\">Bankverbindung AMC-L\u00fcnen:<br>Sparkasse L\u00fcnen<br>IBAN: DE18 4415 2370 0000 0221 94<br>BIC: &nbsp;&nbsp;WELADED1LUN<\/p>\n\n\n\n<p class=\"has-small-font-size\">Kommunikation:<br>Telefon: 0173 8594638 Vorsitzender Gerd Flentje<br>Telefon: 0179 9167442 Sportleiter Marcel Pixberg<br>E-Mail: vorstand@amc-luenen.de<\/p>\n\n\n\n<p class=\"has-small-font-size\">Clubabende am 2. Mittwoch eines Monat um 20 Uhr<br>im Clublokal<\/p>\n\n\n\n<p class=\"has-small-font-size\">Restaurant Brauhaus DREI LINDEN bei Teschi<br>Lange Stra\u00dfe 71<br>44532 L\u00fcnen<\/p>\n","protected":false},"excerpt":{"rendered":"<p>Verantwortlicher im Sinne der rechtlichen Bestimmungen: Automobil- und Motorsportclub 1927 L\u00fcnen e. V. im ADACvertreten von dem 1. Vorsitzenden Gerd Flentje Postanschrift: Gerd FlentjeAMC 1927 L\u00fcnen im ADACKrimstra\u00dfe 744534 L\u00fcnen &hellip; <a href=\"https:\/\/amc-luenen.de\/?page_id=21\" class=\"more-link\"><span class=\"screen-reader-text\">Impressum<\/span> weiterlesen<\/a><\/p>\n","protected":false},"author":1,"featured_media":0,"parent":0,"menu_order":0,"comment_status":"closed","ping_status":"closed","template":"","meta":{"footnotes":""},"class_list":["post-21","page","type-page","status-publish","hentry"],"_links":{"self":[{"href":"https:\/\/amc-luenen.de\/index.php?rest_route=\/wp\/v2\/pages\/21","targetHints":{"allow":["GET"]}}],"collection":[{"href":"https:\/\/amc-luenen.de\/index.php?rest_route=\/wp\/v2\/pages"}],"about":[{"href":"https:\/\/amc-luenen.de\/index.php?rest_route=\/wp\/v2\/types\/page"}],"author":[{"embeddable":true,"href":"https:\/\/amc-luenen.de\/index.php?rest_route=\/wp\/v2\/users\/1"}],"replies":[{"embeddable":true,"href":"https:\/\/amc-luenen.de\/index.php?rest_route=%2Fwp%2Fv2%2Fcomments&post=21"}],"version-history":[{"count":6,"href":"https:\/\/amc-luenen.de\/index.php?rest_route=\/wp\/v2\/pages\/21\/revisions"}],"predecessor-version":[{"id":836,"href":"https:\/\/amc-luenen.de\/index.php?rest_route=\/wp\/v2\/pages\/21\/revisions\/836"}],"wp:attachment":[{"href":"https:\/\/amc-luenen.de\/index.php?rest_route=%2Fwp%2Fv2%2Fmedia&parent=21"}],"curies":[{"name":"wp","href":"https:\/\/api.w.org\/{rel}","templated":true}]}}