{"id":27,"date":"2023-02-11T12:32:35","date_gmt":"2023-02-11T12:32:35","guid":{"rendered":"https:\/\/amc-luenen.de\/?page_id=27"},"modified":"2023-02-13T21:25:59","modified_gmt":"2023-02-13T21:25:59","slug":"haftung","status":"publish","type":"page","link":"https:\/\/amc-luenen.de\/?page_id=27","title":{"rendered":"Haftung"},"content":{"rendered":"\n<p class=\"has-small-font-size\"><strong>Der Automobil- und Motorsport-Club 1927 L\u00fcnen e. V. im ADAC (weiter als AMC L\u00fcnen) \u00fcbernimmt keinerlei Gew\u00e4hr f\u00fcr die Aktualit\u00e4t, Korrektheit, Vollst\u00e4ndigkeit oder Qualit\u00e4t der bereitgestellten Informationen. Alle allgemein informellen Inhalte beruhen ausschlie\u00dflich auf Angaben von Informationslieferanten, f\u00fcr die der Automobil- und Motorsport-Club 1927 L\u00fcnen e. V. im ADAC keinerlei Haftung \u00fcbernimmt.<\/strong><\/p>\n\n\n\n<p class=\"has-small-font-size\">Haftungsanspr\u00fcche gegen den AMC L\u00fcnen, die sich auf Sch\u00e4den materieller oder ideeller Art beziehen, die durch die Nutzung oder Nichtnutzung der dargebotenen Informationen oder durch die Nutzung fehlerhafter und unvollst\u00e4ndiger Informationen verursacht wurden, sind grunds\u00e4tzlich ausgeschlossen, sofern seitens des AMC L\u00fcnen kein nachweislich vors\u00e4tzliches oder grob fahrl\u00e4ssiges Verschulden vorliegt.<\/p>\n\n\n\n<p class=\"has-small-font-size\">Alle Informationsangebote sind freibleibend und unverbindlich. Der AMC L\u00fcnen beh\u00e4lt sich ausdr\u00fccklich vor, Teile der Seiten oder das gesamte Informationsangebot ohne gesonderte Ank\u00fcndigung zu ver\u00e4ndern, zu erg\u00e4nzen, zu l\u00f6schen oder die Ver\u00f6ffentlichung zeitweise oder endg\u00fcltig einzustellen.<\/p>\n\n\n\n<p class=\"has-small-font-size\">Bei direkten oder indirekten Verweisen auf fremde Internetseiten (Links), die au\u00dferhalb des Verantwortungsbereiches des AMC L\u00fcnen liegen, w\u00fcrde eine Haftungsverpflichtung ausschlie\u00dflich in dem Fall in Kraft treten, in dem der AMC L\u00fcnen von den Inhalten Kenntnis hat und es ihm technisch m\u00f6glich und zumutbar w\u00e4re, die Nutzung im Falle rechtswidriger Inhalte zu verhindern. Der AMC L\u00fcnen erkl\u00e4rt hiermit ausdr\u00fccklich, dass zum Zeitpunkt der Linksetzung keine illegalen Inhalte auf den zu verlinkenden Seiten erkennbar waren.<\/p>\n\n\n\n<p class=\"has-small-font-size\">Auf die aktuelle und zuk\u00fcnftige Gestaltung, die Inhalte oder die Urheberschaft der gelinkten\/verkn\u00fcpften Seiten hat der AMC L\u00fcnen keinerlei Einfluss. Deshalb distanziert er sich hiermit ausdr\u00fccklich von allen Inhalten aller gelinkten\/verkn\u00fcpften Seiten, die nach der Linksetzung ver\u00e4ndert wurden. Diese Feststellung gilt f\u00fcr alle innerhalb des eigenen Internetangebotes gesetzten Links und Verweise. F\u00fcr illegale, fehlerhafte oder unvollst\u00e4ndige Inhalte und insbesondere f\u00fcr Sch\u00e4den, die aus der Nutzung oder Nichtnutzung solcherart dargebotener Informationen entstehen, haftet allein der Anbieter der Seite, auf welche verwiesen wurde, nicht derjenige, der \u00fcber Links auf die jeweilige Ver\u00f6ffentlichung lediglich verweist.<\/p>\n\n\n\n<p class=\"has-small-font-size\">Alle innerhalb des Internetangebotes genannten und ggf. durch Dritte gesch\u00fctzten Marken- und Warenzeichen unterliegen uneingeschr\u00e4nkt den Bestimmungen des jeweils g\u00fcltigen Kennzeichenrechts und den Besitzrechten der jeweiligen eingetragenen Eigent\u00fcmer. Allein aufgrund der blo\u00dfen Nennung ist nicht der Schluss zu ziehen, dass Markenzeichen nicht durch Rechte Dritter gesch\u00fctzt sind. Das Copyright f\u00fcr ver\u00f6ffentlichte, vom AMC L\u00fcnen selbst erstellte Objekte bleibt allein beim AMC L\u00fcnen. Eine Vervielf\u00e4ltigung oder Verwendung solcher Grafiken, Tondokumente, Videosequenzen, Software und Texte in anderen elektronischen oder gedruckten Publikationen ist ohne ausdr\u00fcckliche Zustimmung des AMC L\u00fcnen nicht gestattet.<\/p>\n\n\n\n<p class=\"has-small-font-size\">Stand: Juli 2010<\/p>\n","protected":false},"excerpt":{"rendered":"<p>Der Automobil- und Motorsport-Club 1927 L\u00fcnen e. V. im ADAC (weiter als AMC L\u00fcnen) \u00fcbernimmt keinerlei Gew\u00e4hr f\u00fcr die Aktualit\u00e4t, Korrektheit, Vollst\u00e4ndigkeit oder Qualit\u00e4t der bereitgestellten Informationen. Alle allgemein informellen &hellip; <a href=\"https:\/\/amc-luenen.de\/?page_id=27\" class=\"more-link\"><span class=\"screen-reader-text\">Haftung<\/span> weiterlesen<\/a><\/p>\n","protected":false},"author":1,"featured_media":0,"parent":21,"menu_order":1,"comment_status":"closed","ping_status":"closed","template":"","meta":{"footnotes":""},"class_list":["post-27","page","type-page","status-publish","hentry"],"_links":{"self":[{"href":"https:\/\/amc-luenen.de\/index.php?rest_route=\/wp\/v2\/pages\/27","targetHints":{"allow":["GET"]}}],"collection":[{"href":"https:\/\/amc-luenen.de\/index.php?rest_route=\/wp\/v2\/pages"}],"about":[{"href":"https:\/\/amc-luenen.de\/index.php?rest_route=\/wp\/v2\/types\/page"}],"author":[{"embeddable":true,"href":"https:\/\/amc-luenen.de\/index.php?rest_route=\/wp\/v2\/users\/1"}],"replies":[{"embeddable":true,"href":"https:\/\/amc-luenen.de\/index.php?rest_route=%2Fwp%2Fv2%2Fcomments&post=27"}],"version-history":[{"count":3,"href":"https:\/\/amc-luenen.de\/index.php?rest_route=\/wp\/v2\/pages\/27\/revisions"}],"predecessor-version":[{"id":666,"href":"https:\/\/amc-luenen.de\/index.php?rest_route=\/wp\/v2\/pages\/27\/revisions\/666"}],"up":[{"embeddable":true,"href":"https:\/\/amc-luenen.de\/index.php?rest_route=\/wp\/v2\/pages\/21"}],"wp:attachment":[{"href":"https:\/\/amc-luenen.de\/index.php?rest_route=%2Fwp%2Fv2%2Fmedia&parent=27"}],"curies":[{"name":"wp","href":"https:\/\/api.w.org\/{rel}","templated":true}]}}