{"id":96,"date":"2023-02-11T20:49:05","date_gmt":"2023-02-11T20:49:05","guid":{"rendered":"https:\/\/amc-luenen.de\/?page_id=96"},"modified":"2023-02-13T21:26:46","modified_gmt":"2023-02-13T21:26:46","slug":"luenen-heimat","status":"publish","type":"page","link":"https:\/\/amc-luenen.de\/?page_id=96","title":{"rendered":"L\u00fcnen &#8211; Heimat"},"content":{"rendered":"\n<figure class=\"wp-block-image size-full is-resized\"><img loading=\"lazy\" decoding=\"async\" src=\"https:\/\/amc-luenen.de\/wp-content\/uploads\/2023\/02\/grafik.png\" alt=\"\" class=\"wp-image-110\" width=\"122\" height=\"132\"\/><\/figure>\n\n\n\n<p class=\"has-small-font-size\"><a rel=\"noreferrer noopener\" href=\"http:\/\/www.luenen.de\" target=\"_blank\"><strong>L\u00fcnen<\/strong><\/a><br><br>ist die gr\u00f6\u00dfte Stadt des Kreises Unna im westlichen Westfalen mit etwa 90.000 Einwohnern. Die ehemals kreisfreie Stadt ist heute ein Mittelzentrum, das durch seine Lage am nord\u00f6stlichen Rand des Ruhrgebiets sowohl von industriellem als auch von l\u00e4ndlichem Einfluss gepr\u00e4gt ist.<br><br><strong>Geographische Lage<\/strong><br><br>L\u00fcnen liegt an der Grenze zwischen dem M\u00fcnsterland und dem Hellweg in der Westf\u00e4lischen Bucht n\u00f6rdlich von Dortmund. Im Westen grenzt die Stadt an Waltrop im Kreis Recklinghausen, im Norden schlie\u00dfen sich Selm und Werne an, die \u00f6stliche Stadtgrenze teilt sich L\u00fcnen mit Bergkamen und Kamen. Die vier letztgenannten St\u00e4dte sind wie L\u00fcnen Teil des Kreises Unna, der Mitglied im Regionalverband Ruhr ist. L\u00fcnen l\u00e4sst sich daher zum Ruhrgebiet z\u00e4hlen, vor allem im Norden des Stadtgebietes ist jedoch auch eine l\u00e4ndliche Pr\u00e4gung durch die N\u00e4he zum M\u00fcnsterland bemerkbar.<br><br>Neben dem Datteln-Hamm-Kanal, der im S\u00fcden der Stadt verl\u00e4uft, pr\u00e4gt die durch die Innenstadt flie\u00dfende Lippe das Stadtbild. Au\u00dferdem flie\u00dft durch L\u00fcnen die Seseke, die s\u00fcd\u00f6stlich der Innenstadt in die Lippe m\u00fcndet. Noch heute verl\u00e4uft die Grenze zwischen dem Bistum M\u00fcnster und dem Erzbistum Paderborn entlang der Lippe durch die Stadt.<br><br>In einigen Gebieten ist die Bebauung stark vom Bergbau gepr\u00e4gt, weshalb in diesen Gebieten auch Bergsch\u00e4den vorkommen. Dies ist besonders in den s\u00fcdlichen Teilen von L\u00fcnen der Fall.<br><br><strong>Stadtgliederung<\/strong><br><br>L\u00fcnen gliedert sich in zehn Stadtteile: Mitte, Altl\u00fcnen (Alstedde, Nordl\u00fcnen und Wethmar), Beckinghausen, Brambauer, Gahmen, Horstmar, Lippholthausen, Niederaden, L\u00fcnen-Nord und L\u00fcnen-S\u00fcd. Innenstadt mit Lippebr\u00fccke.<br><br>Die Zusammensetzung der Stadt aus mehreren gro\u00dfen Stadtteilzentren (Brambauer, S\u00fcd, Mitte) macht sich deutlich bemerkbar und l\u00e4sst die Stadt kleiner erscheinen als sie ist. Zudem unterscheiden sich die einzelnen Stadtteile zum Teil deutlich in Struktur und Lage.<br><br>So sehen manche Bewohner die Stadtteile Alstedde, Nordl\u00fcnen und Wethmar, die bis 1974 die selbstst\u00e4ndige Gemeinde Altl\u00fcnen im Amt Bork (Kreis L\u00fcdinghausen) bildeten und, da n\u00f6rdlich der Lippe gelegen, historisch zum M\u00fcnsterland z\u00e4hlen, als nach Lokalkolorit \u201eeigenst\u00e4ndige Altgemeinde\u201c.<br><br>Der \u201erandst\u00e4ndige\u201c westliche Stadtteil Brambauer hingegen liegt nicht nur geographisch \u201eau\u00dferhalb\u201c. In das lange Zeit vom Bergbau gepr\u00e4gte Brambauer kamen erst Arbeitssuchende aus dem deutschen Osten und den Niederlanden, dann aus Italien und der T\u00fcrkei und sp\u00e4ter wieder aus dem deutschen Osten (Sp\u00e4taussiedler). So ist die hier lebende Bev\u00f6lkerung bunt gef\u00e4chert.<br><br>Der Stadtteil L\u00fcnen-S\u00fcd, in der Struktur Brambauer \u00e4hnlich, hat sich allerdings, was die Einwohner angeht, etwas eigenst\u00e4ndiger gehalten. Das Besondere hier ist die direkte N\u00e4he zu Dortmund-Derne. Auf den Derner Zechen waren viele L\u00fcnen-S\u00fcder besch\u00e4ftigt, ohne dass in L\u00fcnen-S\u00fcd eine eigene Zeche bestand. Dies hatte \u00fcber Jahrzehnte den Vorteil geringerer Emissionen in L\u00fcnen-S\u00fcd.<br><br><em>Quelle: www.wikipedia.de &#8211; suche: L\u00fcnen<\/em><\/p>\n\n\n\n<p><\/p>\n","protected":false},"excerpt":{"rendered":"<p>L\u00fcnen ist die gr\u00f6\u00dfte Stadt des Kreises Unna im westlichen Westfalen mit etwa 90.000 Einwohnern. Die ehemals kreisfreie Stadt ist heute ein Mittelzentrum, das durch seine Lage am nord\u00f6stlichen Rand &hellip; <a href=\"https:\/\/amc-luenen.de\/?page_id=96\" class=\"more-link\"><span class=\"screen-reader-text\">L\u00fcnen &#8211; Heimat<\/span> weiterlesen<\/a><\/p>\n","protected":false},"author":1,"featured_media":0,"parent":0,"menu_order":0,"comment_status":"closed","ping_status":"closed","template":"","meta":{"footnotes":""},"class_list":["post-96","page","type-page","status-publish","hentry"],"_links":{"self":[{"href":"https:\/\/amc-luenen.de\/index.php?rest_route=\/wp\/v2\/pages\/96","targetHints":{"allow":["GET"]}}],"collection":[{"href":"https:\/\/amc-luenen.de\/index.php?rest_route=\/wp\/v2\/pages"}],"about":[{"href":"https:\/\/amc-luenen.de\/index.php?rest_route=\/wp\/v2\/types\/page"}],"author":[{"embeddable":true,"href":"https:\/\/amc-luenen.de\/index.php?rest_route=\/wp\/v2\/users\/1"}],"replies":[{"embeddable":true,"href":"https:\/\/amc-luenen.de\/index.php?rest_route=%2Fwp%2Fv2%2Fcomments&post=96"}],"version-history":[{"count":4,"href":"https:\/\/amc-luenen.de\/index.php?rest_route=\/wp\/v2\/pages\/96\/revisions"}],"predecessor-version":[{"id":667,"href":"https:\/\/amc-luenen.de\/index.php?rest_route=\/wp\/v2\/pages\/96\/revisions\/667"}],"wp:attachment":[{"href":"https:\/\/amc-luenen.de\/index.php?rest_route=%2Fwp%2Fv2%2Fmedia&parent=96"}],"curies":[{"name":"wp","href":"https:\/\/api.w.org\/{rel}","templated":true}]}}